{"id":397,"date":"2025-08-29T23:51:16","date_gmt":"2025-08-29T21:51:16","guid":{"rendered":"https:\/\/www.fabienvaissiere.com\/?page_id=397"},"modified":"2025-09-13T16:55:56","modified_gmt":"2025-09-13T14:55:56","slug":"introspection","status":"publish","type":"page","link":"https:\/\/www.fabienvaissiere.com\/index.php\/introspection\/","title":{"rendered":"Introspection"},"content":{"rendered":"\n<p>Par le suivi de chantiers de r\u00e9habilitations lourdes durant plusieurs ann\u00e9es, je me suis int\u00e9ress\u00e9 \u00e0 l\u2019observation sensible de l\u2019homme au travers du prisme de son espace v\u00e9cu.<br>Ce projet photographique a \u00e9t\u00e9 dirig\u00e9 par l\u2019esth\u00e9tique formelle dessin\u00e9e par l\u2019empreinte humaine, du grand territoire \u00e0 l\u2019intimit\u00e9 de l\u2019objet architectur\u00e9.<br>Dans cette s\u00e9rie \u00ab Introspection \u00bb, l\u2019homme, pudique et humble, est souvent absent des sc\u00e8nes dont il est l\u2019auteur. Les lieux sont vides, emplis de sens. Libre d\u2019interpr\u00e9tation, l\u2019espace int\u00e9rieur est pr\u00e9sent\u00e9 nu, sans aucun travail de mise en sc\u00e8ne, comme une v\u00e9rit\u00e9 sensible et intuitive. Cheminement dans un espace int\u00e9rieur en transition. Le dialogue entre l&rsquo;ombre et la lumi\u00e8re guide l&rsquo;exploration sensible des volumes intimes.<br>Paradoxe d&rsquo;une tension sans mouvement r\u00e9v\u00e9lant l&rsquo;esth\u00e9tique \u00e9ph\u00e9m\u00e8re des lieux.<br>A l&rsquo;aube de leur m\u00e9tamorphose, ces int\u00e9rieurs abandonn\u00e9s et oubli\u00e9s sont ici observ\u00e9s comme une transposition m\u00e9taphorique d&rsquo;un parcours introspectif<br>\u00e9pur\u00e9 au travers duquel le regard du photographe explore la puissance des sc\u00e8nes entre ordre et chaos.<br>L\u2019art est l\u00e0, emprunt\u00e9 \u00e0 l\u2019espace et \u00e0 la mati\u00e8re construite pour traduire la v\u00e9rit\u00e9 du lieu, saisie dans l\u2019intimit\u00e9 et le d\u00e9nuement le plus total.<br>La force des sc\u00e8nes frappe. Les rep\u00e8res sont bouscul\u00e9s. La logique spatiale se veut po\u00e9sie comme un t\u00e9moignage immat\u00e9riel empreint de respect.<br>L\u2019identit\u00e9 des espaces v\u00e9cus est interrog\u00e9e par ces extraits sensibles.<br>Face \u00e0 l\u2019urgence temps du projet immobilier, les s\u00e9quences s\u2019ordonnent comme un alphabet esth\u00e9tique pour traduire le message fragile d\u2019une trace anthropique qui va \u00eatre effac\u00e9e.<\/p>\n\n\n\n<p class=\"has-small-font-size\"><em>Ce travail \u00e0 donn\u00e9 lieu \u00e0 une exposition personnelle en 2016 \u00e0 la galerie D&rsquo;Ornano \u00e0 Sisteron (04), et \u00e0 plusieurs expositions collectives, au festival au top \u00e0 Digne les Bains en Septembre 2015 ainsi qu&rsquo;au 44e rencontres cin\u00e9ma de Digne les Bains en mars 2016.<\/em><\/p>\n\n\n\n<div data-wp-interactive=\"core\/file\" class=\"wp-block-file\"><object data-wp-bind--hidden=\"!state.hasPdfPreview\" hidden class=\"wp-block-file__embed\" data=\"https:\/\/www.fabienvaissiere.com\/wp-content\/uploads\/2025\/08\/Introspection-book.pdf\" type=\"application\/pdf\" style=\"width:100%;height:600px\" aria-label=\"Contenu embarqu\u00e9 Introspection book.\"><\/object><a id=\"wp-block-file--media-99084638-d761-4c1c-b736-2146740d9ffd\" href=\"https:\/\/www.fabienvaissiere.com\/wp-content\/uploads\/2025\/08\/Introspection-book.pdf\">Introspection book<\/a><a href=\"https:\/\/www.fabienvaissiere.com\/wp-content\/uploads\/2025\/08\/Introspection-book.pdf\" class=\"wp-block-file__button wp-element-button\" download aria-describedby=\"wp-block-file--media-99084638-d761-4c1c-b736-2146740d9ffd\">T\u00e9l\u00e9charger<\/a><\/div>\n\n\n<a class=\"wp-block-read-more\" href=\"https:\/\/www.fabienvaissiere.com\/index.php\/introspection\/\" target=\"_self\">Lire la suite<span class=\"screen-reader-text\">\u00a0: Introspection<\/span><\/a>\n\n\n<p><a href=\"https:\/\/www.frequencemistral.com\/Plus-que-quelques-jours-pour-visiter-l-exposition-de-Fabien-Vaissiere_a3926.html\">https:\/\/www.frequencemistral.com\/Plus-que-quelques-jours-pour-visiter-l-exposition-de-Fabien-Vaissiere_a3926.html<\/a><\/p>\n\n\n\n<p><a href=\"https:\/\/www.ledauphine.com\/haute-provence\/2016\/11\/07\/fabien-vaissiere-expose-ses-photos\">https:\/\/www.ledauphine.com\/haute-provence\/2016\/11\/07\/fabien-vaissiere-expose-ses-photos<\/a><\/p>\n\n\n\n<p><a href=\"https:\/\/www.laprovence.com\/article\/edition-alpes\/4190821\/un-chantier-entre-ombre-et-lumiere.html\">https:\/\/www.laprovence.com\/article\/edition-alpes\/4190821\/un-chantier-entre-ombre-et-lumiere.html<\/a><\/p>\n\n\n\n<figure class=\"wp-block-image size-large\"><img loading=\"lazy\" decoding=\"async\" width=\"1024\" height=\"512\" src=\"https:\/\/www.fabienvaissiere.com\/wp-content\/uploads\/2025\/09\/IMG_0618-1-1024x512.jpg\" alt=\"\" class=\"wp-image-417\" srcset=\"https:\/\/www.fabienvaissiere.com\/wp-content\/uploads\/2025\/09\/IMG_0618-1-1024x512.jpg 1024w, https:\/\/www.fabienvaissiere.com\/wp-content\/uploads\/2025\/09\/IMG_0618-1-300x150.jpg 300w, https:\/\/www.fabienvaissiere.com\/wp-content\/uploads\/2025\/09\/IMG_0618-1-768x384.jpg 768w, https:\/\/www.fabienvaissiere.com\/wp-content\/uploads\/2025\/09\/IMG_0618-1-1536x768.jpg 1536w, https:\/\/www.fabienvaissiere.com\/wp-content\/uploads\/2025\/09\/IMG_0618-1-973x487.jpg 973w, https:\/\/www.fabienvaissiere.com\/wp-content\/uploads\/2025\/09\/IMG_0618-1-508x254.jpg 508w, https:\/\/www.fabienvaissiere.com\/wp-content\/uploads\/2025\/09\/IMG_0618-1.jpg 2048w\" sizes=\"auto, (max-width: 1024px) 100vw, 1024px\" \/><\/figure>\n\n\n\n<figure class=\"wp-block-image size-full is-resized\"><img loading=\"lazy\" decoding=\"async\" width=\"735\" height=\"2048\" src=\"https:\/\/www.fabienvaissiere.com\/wp-content\/uploads\/2025\/09\/IMG_0619-1.jpg\" alt=\"\" class=\"wp-image-418\" style=\"width:200px\" srcset=\"https:\/\/www.fabienvaissiere.com\/wp-content\/uploads\/2025\/09\/IMG_0619-1.jpg 735w, https:\/\/www.fabienvaissiere.com\/wp-content\/uploads\/2025\/09\/IMG_0619-1-108x300.jpg 108w, https:\/\/www.fabienvaissiere.com\/wp-content\/uploads\/2025\/09\/IMG_0619-1-368x1024.jpg 368w, https:\/\/www.fabienvaissiere.com\/wp-content\/uploads\/2025\/09\/IMG_0619-1-551x1536.jpg 551w, https:\/\/www.fabienvaissiere.com\/wp-content\/uploads\/2025\/09\/IMG_0619-1-508x1415.jpg 508w\" sizes=\"auto, (max-width: 735px) 100vw, 735px\" \/><\/figure>\n\n\n\n<figure class=\"wp-block-image size-large\"><img loading=\"lazy\" decoding=\"async\" width=\"1024\" height=\"683\" src=\"https:\/\/www.fabienvaissiere.com\/wp-content\/uploads\/2025\/09\/IMG_0616-1024x683.jpg\" alt=\"\" class=\"wp-image-419\" srcset=\"https:\/\/www.fabienvaissiere.com\/wp-content\/uploads\/2025\/09\/IMG_0616-1024x683.jpg 1024w, https:\/\/www.fabienvaissiere.com\/wp-content\/uploads\/2025\/09\/IMG_0616-300x200.jpg 300w, https:\/\/www.fabienvaissiere.com\/wp-content\/uploads\/2025\/09\/IMG_0616-768x512.jpg 768w, https:\/\/www.fabienvaissiere.com\/wp-content\/uploads\/2025\/09\/IMG_0616-1536x1024.jpg 1536w, https:\/\/www.fabienvaissiere.com\/wp-content\/uploads\/2025\/09\/IMG_0616-973x649.jpg 973w, https:\/\/www.fabienvaissiere.com\/wp-content\/uploads\/2025\/09\/IMG_0616-508x339.jpg 508w, https:\/\/www.fabienvaissiere.com\/wp-content\/uploads\/2025\/09\/IMG_0616.jpg 2048w\" sizes=\"auto, (max-width: 1024px) 100vw, 1024px\" \/><\/figure>\n\n\n\n<figure class=\"wp-block-image size-full\"><img loading=\"lazy\" decoding=\"async\" width=\"681\" height=\"612\" src=\"https:\/\/www.fabienvaissiere.com\/wp-content\/uploads\/2025\/09\/dauphine-libere.png\" alt=\"\" class=\"wp-image-420\" srcset=\"https:\/\/www.fabienvaissiere.com\/wp-content\/uploads\/2025\/09\/dauphine-libere.png 681w, https:\/\/www.fabienvaissiere.com\/wp-content\/uploads\/2025\/09\/dauphine-libere-300x270.png 300w, https:\/\/www.fabienvaissiere.com\/wp-content\/uploads\/2025\/09\/dauphine-libere-508x457.png 508w\" sizes=\"auto, (max-width: 681px) 100vw, 681px\" \/><\/figure>\n\n\n\n<figure class=\"wp-block-image size-large\"><img loading=\"lazy\" decoding=\"async\" width=\"721\" height=\"1024\" src=\"https:\/\/www.fabienvaissiere.com\/wp-content\/uploads\/2025\/09\/affiche-festival-top-721x1024.jpg\" alt=\"\" class=\"wp-image-421\" srcset=\"https:\/\/www.fabienvaissiere.com\/wp-content\/uploads\/2025\/09\/affiche-festival-top-721x1024.jpg 721w, https:\/\/www.fabienvaissiere.com\/wp-content\/uploads\/2025\/09\/affiche-festival-top-211x300.jpg 211w, https:\/\/www.fabienvaissiere.com\/wp-content\/uploads\/2025\/09\/affiche-festival-top-768x1091.jpg 768w, https:\/\/www.fabienvaissiere.com\/wp-content\/uploads\/2025\/09\/affiche-festival-top-1081x1536.jpg 1081w, https:\/\/www.fabienvaissiere.com\/wp-content\/uploads\/2025\/09\/affiche-festival-top-1442x2048.jpg 1442w, https:\/\/www.fabienvaissiere.com\/wp-content\/uploads\/2025\/09\/affiche-festival-top-973x1382.jpg 973w, https:\/\/www.fabienvaissiere.com\/wp-content\/uploads\/2025\/09\/affiche-festival-top-508x722.jpg 508w, https:\/\/www.fabienvaissiere.com\/wp-content\/uploads\/2025\/09\/affiche-festival-top-scaled.jpg 1802w\" sizes=\"auto, (max-width: 721px) 100vw, 721px\" \/><\/figure>\n","protected":false},"excerpt":{"rendered":"<p>Par le suivi de chantiers de r\u00e9habilitations lourdes durant plusieurs ann\u00e9es, je me suis int\u00e9ress\u00e9 \u00e0 l\u2019observation sensible de l\u2019homme au travers du prisme de son espace v\u00e9cu.Ce&#8230;<\/p>\n","protected":false},"author":1,"featured_media":0,"parent":0,"menu_order":0,"comment_status":"closed","ping_status":"closed","template":"","meta":{"footnotes":""},"class_list":["post-397","page","type-page","status-publish","hentry"],"_links":{"self":[{"href":"https:\/\/www.fabienvaissiere.com\/index.php\/wp-json\/wp\/v2\/pages\/397","targetHints":{"allow":["GET"]}}],"collection":[{"href":"https:\/\/www.fabienvaissiere.com\/index.php\/wp-json\/wp\/v2\/pages"}],"about":[{"href":"https:\/\/www.fabienvaissiere.com\/index.php\/wp-json\/wp\/v2\/types\/page"}],"author":[{"embeddable":true,"href":"https:\/\/www.fabienvaissiere.com\/index.php\/wp-json\/wp\/v2\/users\/1"}],"replies":[{"embeddable":true,"href":"https:\/\/www.fabienvaissiere.com\/index.php\/wp-json\/wp\/v2\/comments?post=397"}],"version-history":[{"count":8,"href":"https:\/\/www.fabienvaissiere.com\/index.php\/wp-json\/wp\/v2\/pages\/397\/revisions"}],"predecessor-version":[{"id":429,"href":"https:\/\/www.fabienvaissiere.com\/index.php\/wp-json\/wp\/v2\/pages\/397\/revisions\/429"}],"wp:attachment":[{"href":"https:\/\/www.fabienvaissiere.com\/index.php\/wp-json\/wp\/v2\/media?parent=397"}],"curies":[{"name":"wp","href":"https:\/\/api.w.org\/{rel}","templated":true}]}}