{"id":250,"date":"2025-08-16T23:11:43","date_gmt":"2025-08-16T21:11:43","guid":{"rendered":"http:\/\/oryrkot.cluster029.hosting.ovh.net\/?page_id=250"},"modified":"2025-12-13T17:11:06","modified_gmt":"2025-12-13T16:11:06","slug":"choses-geologgiques","status":"publish","type":"page","link":"https:\/\/www.fabienvaissiere.com\/index.php\/choses-geologgiques\/","title":{"rendered":"Choses g\u00e9ologiques"},"content":{"rendered":"<div class=\"wp-block-image\">\n<figure class=\"aligncenter size-large is-resized\" id=\"point1\"><img loading=\"lazy\" decoding=\"async\" width=\"1024\" height=\"768\" src=\"http:\/\/oryrkot.cluster029.hosting.ovh.net\/wp-content\/uploads\/2025\/08\/IMG_1059-1-1024x768.jpg\" alt=\"\" class=\"wp-image-262\" style=\"width:620px;height:auto\" srcset=\"https:\/\/www.fabienvaissiere.com\/wp-content\/uploads\/2025\/08\/IMG_1059-1-1024x768.jpg 1024w, https:\/\/www.fabienvaissiere.com\/wp-content\/uploads\/2025\/08\/IMG_1059-1-300x225.jpg 300w, https:\/\/www.fabienvaissiere.com\/wp-content\/uploads\/2025\/08\/IMG_1059-1-768x576.jpg 768w, https:\/\/www.fabienvaissiere.com\/wp-content\/uploads\/2025\/08\/IMG_1059-1-1536x1152.jpg 1536w, https:\/\/www.fabienvaissiere.com\/wp-content\/uploads\/2025\/08\/IMG_1059-1-2048x1536.jpg 2048w, https:\/\/www.fabienvaissiere.com\/wp-content\/uploads\/2025\/08\/IMG_1059-1-973x730.jpg 973w, https:\/\/www.fabienvaissiere.com\/wp-content\/uploads\/2025\/08\/IMG_1059-1-508x381.jpg 508w\" sizes=\"auto, (max-width: 1024px) 100vw, 1024px\" \/><figcaption class=\"wp-element-caption\">44.17252 N<br>6.30317 E<br>82cmx62cm<br>Gr\u00e8s, acrylique, brou de noix sur planche<br>2022<\/figcaption><\/figure>\n<\/div>\n\n\n<p class=\"nft-link\">\n  <small>\n \n    <a href=\"https:\/\/objkt.com\/tokens\/KT1Cok6hQnp1WZgZMjdTKyZFu2y1vWmnannu\/9\"\n       target=\"_blank\" rel=\"noopener\">\n       Lien NFT\n    <\/a>\n  <\/small>\n<\/p>\n\n\n\n<figure class=\"wp-block-audio\"><audio controls src=\"https:\/\/www.fabienvaissiere.com\/wp-content\/uploads\/2025\/10\/250125-Gallets-bleone-44.16729\u00b0-N-6.29611\u00b0-E-pont-mousteiret-decharge-.m4a\"><\/audio><\/figure>\n\n\n<div class=\"wp-block-image\">\n<figure class=\"aligncenter size-large\" id=\"point2\"><img loading=\"lazy\" decoding=\"async\" width=\"768\" height=\"1024\" src=\"http:\/\/oryrkot.cluster029.hosting.ovh.net\/wp-content\/uploads\/2025\/08\/IMG_9797-768x1024.jpg\" alt=\"\" class=\"wp-image-263\" srcset=\"https:\/\/www.fabienvaissiere.com\/wp-content\/uploads\/2025\/08\/IMG_9797-768x1024.jpg 768w, https:\/\/www.fabienvaissiere.com\/wp-content\/uploads\/2025\/08\/IMG_9797-225x300.jpg 225w, https:\/\/www.fabienvaissiere.com\/wp-content\/uploads\/2025\/08\/IMG_9797-1152x1536.jpg 1152w, https:\/\/www.fabienvaissiere.com\/wp-content\/uploads\/2025\/08\/IMG_9797-1536x2048.jpg 1536w, https:\/\/www.fabienvaissiere.com\/wp-content\/uploads\/2025\/08\/IMG_9797-973x1297.jpg 973w, https:\/\/www.fabienvaissiere.com\/wp-content\/uploads\/2025\/08\/IMG_9797-508x677.jpg 508w, https:\/\/www.fabienvaissiere.com\/wp-content\/uploads\/2025\/08\/IMG_9797-scaled.jpg 1920w\" sizes=\"auto, (max-width: 768px) 100vw, 768px\" \/><figcaption class=\"wp-element-caption\">44.16729 N<br>6.29611 E<br>Gr\u00e8s sculpt\u00e9 sur socle noyer massif<br>2025<\/figcaption><\/figure>\n<\/div>\n\n\n<p class=\"nft-link\">\n  <small>\n \n    <a href=\"https:\/\/objkt.com\/tokens\/KT1Cok6hQnp1WZgZMjdTKyZFu2y1vWmnannu\/8\"\n       target=\"_blank\" rel=\"noopener\">\n       Lien NFT\n    <\/a>\n  <\/small>\n<\/p>\n\n\n\n<figure class=\"wp-block-audio\"><audio controls src=\"https:\/\/www.fabienvaissiere.com\/wp-content\/uploads\/2025\/10\/44.16729-N-6.29611-E-2-10-25-bleone-au-dessus-du-pont-ancienne-decharge-2.m4a\"><\/audio><\/figure>\n\n\n<div class=\"wp-block-image\">\n<figure class=\"aligncenter size-large\" id=\"point3\"><img loading=\"lazy\" decoding=\"async\" width=\"1024\" height=\"680\" src=\"http:\/\/oryrkot.cluster029.hosting.ovh.net\/wp-content\/uploads\/2025\/08\/DSC_9593-1024x680.jpg\" alt=\"\" class=\"wp-image-292\" srcset=\"https:\/\/www.fabienvaissiere.com\/wp-content\/uploads\/2025\/08\/DSC_9593-1024x680.jpg 1024w, https:\/\/www.fabienvaissiere.com\/wp-content\/uploads\/2025\/08\/DSC_9593-300x199.jpg 300w, https:\/\/www.fabienvaissiere.com\/wp-content\/uploads\/2025\/08\/DSC_9593-768x510.jpg 768w, https:\/\/www.fabienvaissiere.com\/wp-content\/uploads\/2025\/08\/DSC_9593-1536x1020.jpg 1536w, https:\/\/www.fabienvaissiere.com\/wp-content\/uploads\/2025\/08\/DSC_9593-2048x1360.jpg 2048w, https:\/\/www.fabienvaissiere.com\/wp-content\/uploads\/2025\/08\/DSC_9593-973x646.jpg 973w, https:\/\/www.fabienvaissiere.com\/wp-content\/uploads\/2025\/08\/DSC_9593-508x337.jpg 508w\" sizes=\"auto, (max-width: 1024px) 100vw, 1024px\" \/><figcaption class=\"wp-element-caption\">44.24026 N<br>6.36144 E<br>160cmx120cm<br>Marne, acrylique, brou de noix sur planche<br>2025<\/figcaption><\/figure>\n<\/div>\n\n\n<p class=\"nft-link\">\n  <small>\n \n    <a href=\"https:\/\/objkt.com\/tokens\/KT1Cok6hQnp1WZgZMjdTKyZFu2y1vWmnannu\/10\"\n       target=\"_blank\" rel=\"noopener\">\n       Lien NFT\n    <\/a>\n  <\/small>\n<\/p>\n\n\n\n<figure class=\"wp-block-audio\"><audio controls src=\"https:\/\/www.fabienvaissiere.com\/wp-content\/uploads\/2025\/10\/4424031\u00b0-N-636136\u00b0-E-Marne-labouret-15022025.m4a\"><\/audio><\/figure>\n\n\n<div class=\"wp-block-image\">\n<figure class=\"aligncenter size-large\" id=\"point3\"><img loading=\"lazy\" decoding=\"async\" width=\"768\" height=\"1024\" src=\"http:\/\/oryrkot.cluster029.hosting.ovh.net\/wp-content\/uploads\/2025\/08\/IMG_6877-768x1024.jpg\" alt=\"\" class=\"wp-image-293\" srcset=\"https:\/\/www.fabienvaissiere.com\/wp-content\/uploads\/2025\/08\/IMG_6877-768x1024.jpg 768w, https:\/\/www.fabienvaissiere.com\/wp-content\/uploads\/2025\/08\/IMG_6877-225x300.jpg 225w, https:\/\/www.fabienvaissiere.com\/wp-content\/uploads\/2025\/08\/IMG_6877-1152x1536.jpg 1152w, https:\/\/www.fabienvaissiere.com\/wp-content\/uploads\/2025\/08\/IMG_6877-1536x2048.jpg 1536w, https:\/\/www.fabienvaissiere.com\/wp-content\/uploads\/2025\/08\/IMG_6877-973x1297.jpg 973w, https:\/\/www.fabienvaissiere.com\/wp-content\/uploads\/2025\/08\/IMG_6877-508x677.jpg 508w, https:\/\/www.fabienvaissiere.com\/wp-content\/uploads\/2025\/08\/IMG_6877-scaled.jpg 1920w\" sizes=\"auto, (max-width: 768px) 100vw, 768px\" \/><figcaption class=\"wp-element-caption\"> <\/figcaption><\/figure>\n<\/div>\n\n<div class=\"wp-block-image\">\n<figure class=\"aligncenter size-large\" id=\"point3\"><img loading=\"lazy\" decoding=\"async\" width=\"768\" height=\"1024\" src=\"http:\/\/oryrkot.cluster029.hosting.ovh.net\/wp-content\/uploads\/2025\/08\/IMG_6873-768x1024.jpg\" alt=\"\" class=\"wp-image-294\" srcset=\"https:\/\/www.fabienvaissiere.com\/wp-content\/uploads\/2025\/08\/IMG_6873-768x1024.jpg 768w, https:\/\/www.fabienvaissiere.com\/wp-content\/uploads\/2025\/08\/IMG_6873-225x300.jpg 225w, https:\/\/www.fabienvaissiere.com\/wp-content\/uploads\/2025\/08\/IMG_6873-1152x1536.jpg 1152w, https:\/\/www.fabienvaissiere.com\/wp-content\/uploads\/2025\/08\/IMG_6873-1536x2048.jpg 1536w, https:\/\/www.fabienvaissiere.com\/wp-content\/uploads\/2025\/08\/IMG_6873-973x1297.jpg 973w, https:\/\/www.fabienvaissiere.com\/wp-content\/uploads\/2025\/08\/IMG_6873-508x677.jpg 508w, https:\/\/www.fabienvaissiere.com\/wp-content\/uploads\/2025\/08\/IMG_6873-scaled.jpg 1920w\" sizes=\"auto, (max-width: 768px) 100vw, 768px\" \/><figcaption class=\"wp-element-caption\"> <\/figcaption><\/figure>\n<\/div>\n\n<div class=\"wp-block-image\">\n<figure class=\"aligncenter size-large\" id=\"point3\"><img loading=\"lazy\" decoding=\"async\" width=\"1024\" height=\"768\" src=\"http:\/\/oryrkot.cluster029.hosting.ovh.net\/wp-content\/uploads\/2025\/08\/IMG_2530-1024x768.jpg\" alt=\"\" class=\"wp-image-295\" srcset=\"https:\/\/www.fabienvaissiere.com\/wp-content\/uploads\/2025\/08\/IMG_2530-1024x768.jpg 1024w, https:\/\/www.fabienvaissiere.com\/wp-content\/uploads\/2025\/08\/IMG_2530-300x225.jpg 300w, https:\/\/www.fabienvaissiere.com\/wp-content\/uploads\/2025\/08\/IMG_2530-768x576.jpg 768w, https:\/\/www.fabienvaissiere.com\/wp-content\/uploads\/2025\/08\/IMG_2530-1536x1152.jpg 1536w, https:\/\/www.fabienvaissiere.com\/wp-content\/uploads\/2025\/08\/IMG_2530-2048x1536.jpg 2048w, https:\/\/www.fabienvaissiere.com\/wp-content\/uploads\/2025\/08\/IMG_2530-973x730.jpg 973w, https:\/\/www.fabienvaissiere.com\/wp-content\/uploads\/2025\/08\/IMG_2530-508x381.jpg 508w\" sizes=\"auto, (max-width: 1024px) 100vw, 1024px\" \/><figcaption class=\"wp-element-caption\">44.24026 N<br>6.36144 E<br>120cmx70cm<br>Marne, acrylique, brou de noix sur planche<br>2025<\/figcaption><\/figure>\n<\/div>\n\n\n<p class=\"nft-link\">\n  <small>\n \n    <a href=\"https:\/\/objkt.com\/tokens\/KT1Cok6hQnp1WZgZMjdTKyZFu2y1vWmnannu\/10\"\n       target=\"_blank\" rel=\"noopener\">\n       Lien NFT\n    <\/a>\n  <\/small>\n<\/p>\n\n\n\n<figure class=\"wp-block-audio\"><audio controls src=\"https:\/\/www.fabienvaissiere.com\/wp-content\/uploads\/2025\/10\/4424031\u00b0-N-636136\u00b0-E-Marne-labouret-15022025.m4a\"><\/audio><\/figure>\n\n\n<div class=\"wp-block-image\">\n<figure class=\"aligncenter size-large\" id=\"point3\"><img loading=\"lazy\" decoding=\"async\" width=\"1024\" height=\"768\" src=\"http:\/\/oryrkot.cluster029.hosting.ovh.net\/wp-content\/uploads\/2025\/08\/IMG_2550-1024x768.jpg\" alt=\"\" class=\"wp-image-297\" srcset=\"https:\/\/www.fabienvaissiere.com\/wp-content\/uploads\/2025\/08\/IMG_2550-1024x768.jpg 1024w, https:\/\/www.fabienvaissiere.com\/wp-content\/uploads\/2025\/08\/IMG_2550-300x225.jpg 300w, https:\/\/www.fabienvaissiere.com\/wp-content\/uploads\/2025\/08\/IMG_2550-768x576.jpg 768w, https:\/\/www.fabienvaissiere.com\/wp-content\/uploads\/2025\/08\/IMG_2550-1536x1152.jpg 1536w, https:\/\/www.fabienvaissiere.com\/wp-content\/uploads\/2025\/08\/IMG_2550-2048x1536.jpg 2048w, https:\/\/www.fabienvaissiere.com\/wp-content\/uploads\/2025\/08\/IMG_2550-973x730.jpg 973w, https:\/\/www.fabienvaissiere.com\/wp-content\/uploads\/2025\/08\/IMG_2550-508x381.jpg 508w\" sizes=\"auto, (max-width: 1024px) 100vw, 1024px\" \/><figcaption class=\"wp-element-caption\">44.24026 N<br>6.36144 E<br>120cmx70cm<br>Marne, acrylique, brou de noix sur planche<br>2025<\/figcaption><\/figure>\n<\/div>\n\n\n<p class=\"nft-link\">\n  <small>\n \n    <a href=\"https:\/\/objkt.com\/tokens\/KT1Cok6hQnp1WZgZMjdTKyZFu2y1vWmnannu\/10\"\n       target=\"_blank\" rel=\"noopener\">\n       Lien NFT\n    <\/a>\n  <\/small>\n<\/p>\n\n\n\n<figure class=\"wp-block-audio\"><audio controls src=\"https:\/\/www.fabienvaissiere.com\/wp-content\/uploads\/2025\/10\/4424031\u00b0-N-636136\u00b0-E-Marne-labouret-15022025.m4a\"><\/audio><\/figure>\n\n\n<div class=\"wp-block-image\">\n<figure class=\"aligncenter size-large\" id=\"point3\"><img loading=\"lazy\" decoding=\"async\" width=\"1024\" height=\"768\" src=\"http:\/\/oryrkot.cluster029.hosting.ovh.net\/wp-content\/uploads\/2025\/08\/IMG_2534-1024x768.jpg\" alt=\"\" class=\"wp-image-298\" srcset=\"https:\/\/www.fabienvaissiere.com\/wp-content\/uploads\/2025\/08\/IMG_2534-1024x768.jpg 1024w, https:\/\/www.fabienvaissiere.com\/wp-content\/uploads\/2025\/08\/IMG_2534-300x225.jpg 300w, https:\/\/www.fabienvaissiere.com\/wp-content\/uploads\/2025\/08\/IMG_2534-768x576.jpg 768w, https:\/\/www.fabienvaissiere.com\/wp-content\/uploads\/2025\/08\/IMG_2534-1536x1152.jpg 1536w, https:\/\/www.fabienvaissiere.com\/wp-content\/uploads\/2025\/08\/IMG_2534-2048x1536.jpg 2048w, https:\/\/www.fabienvaissiere.com\/wp-content\/uploads\/2025\/08\/IMG_2534-973x730.jpg 973w, https:\/\/www.fabienvaissiere.com\/wp-content\/uploads\/2025\/08\/IMG_2534-508x381.jpg 508w\" sizes=\"auto, (max-width: 1024px) 100vw, 1024px\" \/><figcaption class=\"wp-element-caption\">44.24026 N<br>6.36144 E<br>60cmx80cm<br>Marne, acrylique, brou de noix sur planche<br>2025<\/figcaption><\/figure>\n<\/div>\n\n\n<p class=\"nft-link\">\n  <small>\n \n    <a href=\"https:\/\/objkt.com\/tokens\/KT1Cok6hQnp1WZgZMjdTKyZFu2y1vWmnannu\/10\"\n       target=\"_blank\" rel=\"noopener\">\n       Lien NFT\n    <\/a>\n  <\/small>\n<\/p>\n\n\n\n<figure class=\"wp-block-audio\"><audio controls src=\"https:\/\/www.fabienvaissiere.com\/wp-content\/uploads\/2025\/10\/4424031\u00b0-N-636136\u00b0-E-Marne-labouret-15022025.m4a\"><\/audio><\/figure>\n\n\n<div class=\"wp-block-image\">\n<figure class=\"aligncenter size-large\" id=\"point3\"><img loading=\"lazy\" decoding=\"async\" width=\"1024\" height=\"645\" src=\"http:\/\/oryrkot.cluster029.hosting.ovh.net\/wp-content\/uploads\/2025\/08\/IMG_2543-1024x645.jpg\" alt=\"\" class=\"wp-image-299\" srcset=\"https:\/\/www.fabienvaissiere.com\/wp-content\/uploads\/2025\/08\/IMG_2543-1024x645.jpg 1024w, https:\/\/www.fabienvaissiere.com\/wp-content\/uploads\/2025\/08\/IMG_2543-300x189.jpg 300w, https:\/\/www.fabienvaissiere.com\/wp-content\/uploads\/2025\/08\/IMG_2543-768x484.jpg 768w, https:\/\/www.fabienvaissiere.com\/wp-content\/uploads\/2025\/08\/IMG_2543-1536x967.jpg 1536w, https:\/\/www.fabienvaissiere.com\/wp-content\/uploads\/2025\/08\/IMG_2543-2048x1290.jpg 2048w, https:\/\/www.fabienvaissiere.com\/wp-content\/uploads\/2025\/08\/IMG_2543-973x613.jpg 973w, https:\/\/www.fabienvaissiere.com\/wp-content\/uploads\/2025\/08\/IMG_2543-508x320.jpg 508w\" sizes=\"auto, (max-width: 1024px) 100vw, 1024px\" \/><figcaption class=\"wp-element-caption\">44.24026 N<br>6.36144 E<br>Diptyque<br>80cmx80cm<br>Marne, acrylique, brou de noix sur planche<br>2025<\/figcaption><\/figure>\n<\/div>\n\n\n<p class=\"nft-link\">\n  <small>\n \n    <a href=\"https:\/\/objkt.com\/tokens\/KT1Cok6hQnp1WZgZMjdTKyZFu2y1vWmnannu\/10\"\n       target=\"_blank\" rel=\"noopener\">\n       Lien NFT\n    <\/a>\n  <\/small>\n<\/p>\n\n\n\n<figure class=\"wp-block-audio\"><audio controls src=\"https:\/\/www.fabienvaissiere.com\/wp-content\/uploads\/2025\/10\/4424031\u00b0-N-636136\u00b0-E-Marne-labouret-15022025.m4a\"><\/audio><\/figure>\n\n\n<div class=\"wp-block-image\">\n<figure class=\"aligncenter size-full\" id=\"point4\"><img loading=\"lazy\" decoding=\"async\" width=\"663\" height=\"489\" src=\"https:\/\/www.fabienvaissiere.com\/wp-content\/uploads\/2025\/08\/Capture-decran-2025-08-28-a-12.20.11.png\" alt=\"\" class=\"wp-image-390\" srcset=\"https:\/\/www.fabienvaissiere.com\/wp-content\/uploads\/2025\/08\/Capture-decran-2025-08-28-a-12.20.11.png 663w, https:\/\/www.fabienvaissiere.com\/wp-content\/uploads\/2025\/08\/Capture-decran-2025-08-28-a-12.20.11-300x221.png 300w, https:\/\/www.fabienvaissiere.com\/wp-content\/uploads\/2025\/08\/Capture-decran-2025-08-28-a-12.20.11-508x375.png 508w\" sizes=\"auto, (max-width: 663px) 100vw, 663px\" \/><figcaption class=\"wp-element-caption\">44.10970 N<br>6.35437 E<br>60cmx50cm<br>Roche calcaire, brou de noix sur toile<br>2025<\/figcaption><\/figure>\n<\/div>\n\n\n<p class=\"nft-link\">\n  <small>\n \n    <a href=\"https:\/\/objkt.com\/tokens\/KT1Cok6hQnp1WZgZMjdTKyZFu2y1vWmnannu\/0\"\n       target=\"_blank\" rel=\"noopener\">\n       Lien NFT\n    <\/a>\n  <\/small>\n<\/p>\n\n\n\n<figure class=\"wp-block-audio\"><audio controls src=\"https:\/\/www.fabienvaissiere.com\/wp-content\/uploads\/2025\/10\/01-10-23-44.109705-6.354372-monte-couard-2.m4a\"><\/audio><\/figure>\n\n\n<div class=\"wp-block-image\">\n<figure class=\"aligncenter size-large\" id=\"point5\"><img loading=\"lazy\" decoding=\"async\" width=\"1024\" height=\"681\" src=\"http:\/\/oryrkot.cluster029.hosting.ovh.net\/wp-content\/uploads\/2025\/08\/DSC_9636v2-1024x681.jpg\" alt=\"\" class=\"wp-image-301\" srcset=\"https:\/\/www.fabienvaissiere.com\/wp-content\/uploads\/2025\/08\/DSC_9636v2-1024x681.jpg 1024w, https:\/\/www.fabienvaissiere.com\/wp-content\/uploads\/2025\/08\/DSC_9636v2-300x200.jpg 300w, https:\/\/www.fabienvaissiere.com\/wp-content\/uploads\/2025\/08\/DSC_9636v2-768x511.jpg 768w, https:\/\/www.fabienvaissiere.com\/wp-content\/uploads\/2025\/08\/DSC_9636v2-1536x1022.jpg 1536w, https:\/\/www.fabienvaissiere.com\/wp-content\/uploads\/2025\/08\/DSC_9636v2-2048x1363.jpg 2048w, https:\/\/www.fabienvaissiere.com\/wp-content\/uploads\/2025\/08\/DSC_9636v2-973x647.jpg 973w, https:\/\/www.fabienvaissiere.com\/wp-content\/uploads\/2025\/08\/DSC_9636v2-508x338.jpg 508w\" sizes=\"auto, (max-width: 1024px) 100vw, 1024px\" \/><\/figure>\n<\/div>\n\n<div class=\"wp-block-image\">\n<figure class=\"aligncenter size-large\" id=\"point5\"><img loading=\"lazy\" decoding=\"async\" width=\"1024\" height=\"681\" src=\"http:\/\/oryrkot.cluster029.hosting.ovh.net\/wp-content\/uploads\/2025\/08\/DSC_9632v2-1024x681.jpg\" alt=\"\" class=\"wp-image-302\" srcset=\"https:\/\/www.fabienvaissiere.com\/wp-content\/uploads\/2025\/08\/DSC_9632v2-1024x681.jpg 1024w, https:\/\/www.fabienvaissiere.com\/wp-content\/uploads\/2025\/08\/DSC_9632v2-300x200.jpg 300w, https:\/\/www.fabienvaissiere.com\/wp-content\/uploads\/2025\/08\/DSC_9632v2-768x511.jpg 768w, https:\/\/www.fabienvaissiere.com\/wp-content\/uploads\/2025\/08\/DSC_9632v2-1536x1022.jpg 1536w, https:\/\/www.fabienvaissiere.com\/wp-content\/uploads\/2025\/08\/DSC_9632v2-2048x1363.jpg 2048w, https:\/\/www.fabienvaissiere.com\/wp-content\/uploads\/2025\/08\/DSC_9632v2-973x647.jpg 973w, https:\/\/www.fabienvaissiere.com\/wp-content\/uploads\/2025\/08\/DSC_9632v2-508x338.jpg 508w\" sizes=\"auto, (max-width: 1024px) 100vw, 1024px\" \/><figcaption class=\"wp-element-caption\">44.15454 N<br>6.28545 E<br>Diptyque<br>35cmx24cm<br>Marnes, feuilles d\u2019or 24k, acrylique, brou de noix sur toile<br>2023<\/figcaption><\/figure>\n<\/div>\n\n\n<p class=\"nft-link\">\n  <small>\n \n    <a href=\"https:\/\/objkt.com\/tokens\/KT1Cok6hQnp1WZgZMjdTKyZFu2y1vWmnannu\/5\"\n       target=\"_blank\" rel=\"noopener\">\n       Lien NFT\n    <\/a>\n  <\/small>\n<\/p>\n\n\n\n<figure class=\"wp-block-audio\"><audio controls src=\"https:\/\/www.fabienvaissiere.com\/wp-content\/uploads\/2025\/10\/44.15454-N-6.28545-E-2-10-25-Marnes-chemin-riviere-Mousteiret.m4a\"><\/audio><\/figure>\n\n\n<div class=\"wp-block-image\">\n<figure class=\"aligncenter size-large\" id=\"point13\"><img loading=\"lazy\" decoding=\"async\" width=\"1024\" height=\"681\" src=\"http:\/\/oryrkot.cluster029.hosting.ovh.net\/wp-content\/uploads\/2025\/08\/DSC_9630-1024x681.jpg\" alt=\"\" class=\"wp-image-303\" srcset=\"https:\/\/www.fabienvaissiere.com\/wp-content\/uploads\/2025\/08\/DSC_9630-1024x681.jpg 1024w, https:\/\/www.fabienvaissiere.com\/wp-content\/uploads\/2025\/08\/DSC_9630-300x200.jpg 300w, https:\/\/www.fabienvaissiere.com\/wp-content\/uploads\/2025\/08\/DSC_9630-768x511.jpg 768w, https:\/\/www.fabienvaissiere.com\/wp-content\/uploads\/2025\/08\/DSC_9630-1536x1022.jpg 1536w, https:\/\/www.fabienvaissiere.com\/wp-content\/uploads\/2025\/08\/DSC_9630-2048x1363.jpg 2048w, https:\/\/www.fabienvaissiere.com\/wp-content\/uploads\/2025\/08\/DSC_9630-973x647.jpg 973w, https:\/\/www.fabienvaissiere.com\/wp-content\/uploads\/2025\/08\/DSC_9630-508x338.jpg 508w\" sizes=\"auto, (max-width: 1024px) 100vw, 1024px\" \/><figcaption class=\"wp-element-caption\">44.12680 N<br>6.27241 E<br>61cmx50cm<br>Marnes, acrylique, brou de noix sur toile<br>2021<\/figcaption><\/figure>\n<\/div>\n\n\n<p class=\"nft-link\">\n  <small>\n \n    <a href=\"https:\/\/objkt.com\/tokens\/KT1Cok6hQnp1WZgZMjdTKyZFu2y1vWmnannu\/1\"\n       target=\"_blank\" rel=\"noopener\">\n       Lien NFT\n    <\/a>\n  <\/small>\n<\/p>\n\n\n\n<figure class=\"wp-block-audio\"><audio controls src=\"https:\/\/www.fabienvaissiere.com\/wp-content\/uploads\/2025\/10\/44.12680-N-6.27241-E-2102025-son-marnes-marcoux.m4a\"><\/audio><\/figure>\n\n\n<div class=\"wp-block-image\">\n<figure class=\"aligncenter size-large\" id=\"point7\"><img loading=\"lazy\" decoding=\"async\" width=\"1024\" height=\"681\" src=\"http:\/\/oryrkot.cluster029.hosting.ovh.net\/wp-content\/uploads\/2025\/08\/DSC_9678-1024x681.jpg\" alt=\"\" class=\"wp-image-305\" srcset=\"https:\/\/www.fabienvaissiere.com\/wp-content\/uploads\/2025\/08\/DSC_9678-1024x681.jpg 1024w, https:\/\/www.fabienvaissiere.com\/wp-content\/uploads\/2025\/08\/DSC_9678-300x200.jpg 300w, https:\/\/www.fabienvaissiere.com\/wp-content\/uploads\/2025\/08\/DSC_9678-768x511.jpg 768w, https:\/\/www.fabienvaissiere.com\/wp-content\/uploads\/2025\/08\/DSC_9678-1536x1022.jpg 1536w, https:\/\/www.fabienvaissiere.com\/wp-content\/uploads\/2025\/08\/DSC_9678-2048x1363.jpg 2048w, https:\/\/www.fabienvaissiere.com\/wp-content\/uploads\/2025\/08\/DSC_9678-973x647.jpg 973w, https:\/\/www.fabienvaissiere.com\/wp-content\/uploads\/2025\/08\/DSC_9678-508x338.jpg 508w\" sizes=\"auto, (max-width: 1024px) 100vw, 1024px\" \/><figcaption class=\"wp-element-caption\">44.15286 N<br>6.28128 E<br>32,5cmx31cm<br>Roche calcaire, acrylique, brou de noix sur contreplaqu\u00e9<br>Cadre pin coll\u00e9<br>2022<\/figcaption><\/figure>\n<\/div>\n\n\n<p class=\"nft-link\">\n  <small>\n \n    <a href=\"https:\/\/objkt.com\/tokens\/KT1Cok6hQnp1WZgZMjdTKyZFu2y1vWmnannu\/2\"\n       target=\"_blank\" rel=\"noopener\">\n       Lien NFT\n    <\/a>\n  <\/small>\n<\/p>\n\n\n\n<figure class=\"wp-block-audio\"><audio controls src=\"https:\/\/www.fabienvaissiere.com\/wp-content\/uploads\/2025\/10\/44.15286-N-6.28128-E-2-10-25-Mousteiret-roche-riviere-1.m4a\"><\/audio><\/figure>\n\n\n<div class=\"wp-block-image\">\n<figure class=\"aligncenter size-large\" id=\"point8\"><img loading=\"lazy\" decoding=\"async\" width=\"1024\" height=\"681\" src=\"http:\/\/oryrkot.cluster029.hosting.ovh.net\/wp-content\/uploads\/2025\/08\/DSC_9680-1024x681.jpg\" alt=\"\" class=\"wp-image-306\" srcset=\"https:\/\/www.fabienvaissiere.com\/wp-content\/uploads\/2025\/08\/DSC_9680-1024x681.jpg 1024w, https:\/\/www.fabienvaissiere.com\/wp-content\/uploads\/2025\/08\/DSC_9680-300x200.jpg 300w, https:\/\/www.fabienvaissiere.com\/wp-content\/uploads\/2025\/08\/DSC_9680-768x511.jpg 768w, https:\/\/www.fabienvaissiere.com\/wp-content\/uploads\/2025\/08\/DSC_9680-1536x1022.jpg 1536w, https:\/\/www.fabienvaissiere.com\/wp-content\/uploads\/2025\/08\/DSC_9680-2048x1363.jpg 2048w, https:\/\/www.fabienvaissiere.com\/wp-content\/uploads\/2025\/08\/DSC_9680-973x647.jpg 973w, https:\/\/www.fabienvaissiere.com\/wp-content\/uploads\/2025\/08\/DSC_9680-508x338.jpg 508w\" sizes=\"auto, (max-width: 1024px) 100vw, 1024px\" \/><figcaption class=\"wp-element-caption\">44.15358 N<br>6.28075 E<br>32,5cmx31cm<br>Gr\u00e8s, acrylique, brou de noix sur contreplaqu\u00e9<br>Cadre pin coll\u00e9<br>2022<\/figcaption><\/figure>\n<\/div>\n\n\n<p class=\"nft-link\">\n  <small>\n \n    <a href=\"https:\/\/objkt.com\/tokens\/KT1Cok6hQnp1WZgZMjdTKyZFu2y1vWmnannu\/4\"\n       target=\"_blank\" rel=\"noopener\">\n       Lien NFT\n    <\/a>\n  <\/small>\n<\/p>\n\n\n\n<figure class=\"wp-block-audio\"><audio controls src=\"https:\/\/www.fabienvaissiere.com\/wp-content\/uploads\/2025\/10\/44.15358-N-6.28075-E2-10-25-Mousteiret-roche-riviere-2.m4a\"><\/audio><\/figure>\n","protected":false},"excerpt":{"rendered":"<p>Lien NFT Lien NFT Lien NFT Lien NFT Lien NFT Lien NFT Lien NFT Lien NFT Lien NFT Lien NFT Lien NFT Lien NFT<\/p>\n","protected":false},"author":1,"featured_media":0,"parent":0,"menu_order":0,"comment_status":"closed","ping_status":"closed","template":"","meta":{"footnotes":""},"class_list":["post-250","page","type-page","status-publish","hentry"],"_links":{"self":[{"href":"https:\/\/www.fabienvaissiere.com\/index.php\/wp-json\/wp\/v2\/pages\/250","targetHints":{"allow":["GET"]}}],"collection":[{"href":"https:\/\/www.fabienvaissiere.com\/index.php\/wp-json\/wp\/v2\/pages"}],"about":[{"href":"https:\/\/www.fabienvaissiere.com\/index.php\/wp-json\/wp\/v2\/types\/page"}],"author":[{"embeddable":true,"href":"https:\/\/www.fabienvaissiere.com\/index.php\/wp-json\/wp\/v2\/users\/1"}],"replies":[{"embeddable":true,"href":"https:\/\/www.fabienvaissiere.com\/index.php\/wp-json\/wp\/v2\/comments?post=250"}],"version-history":[{"count":33,"href":"https:\/\/www.fabienvaissiere.com\/index.php\/wp-json\/wp\/v2\/pages\/250\/revisions"}],"predecessor-version":[{"id":505,"href":"https:\/\/www.fabienvaissiere.com\/index.php\/wp-json\/wp\/v2\/pages\/250\/revisions\/505"}],"wp:attachment":[{"href":"https:\/\/www.fabienvaissiere.com\/index.php\/wp-json\/wp\/v2\/media?parent=250"}],"curies":[{"name":"wp","href":"https:\/\/api.w.org\/{rel}","templated":true}]}}